{"id":3834,"date":"2022-03-14T16:50:42","date_gmt":"2022-03-14T15:50:42","guid":{"rendered":"https:\/\/www.salonderwissenschaft.de\/format\/"},"modified":"2026-04-14T11:27:20","modified_gmt":"2026-04-14T09:27:20","slug":"format","status":"publish","type":"page","link":"https:\/\/www.salonderwissenschaft.de\/en\/format\/","title":{"rendered":"Format"},"content":{"rendered":"\t\t<div data-elementor-type=\"wp-post\" data-elementor-id=\"3834\" class=\"elementor elementor-3834 elementor-1976\" data-elementor-post-type=\"page\">\n\t\t\t\t\t\t<section class=\"elementor-section elementor-top-section elementor-element elementor-element-43760710 elementor-section-full_width elementor-section-stretched elementor-section-height-default elementor-section-height-default\" data-id=\"43760710\" data-element_type=\"section\" data-e-type=\"section\" id=\"experts\" data-settings=\"{&quot;stretch_section&quot;:&quot;section-stretched&quot;}\">\n\t\t\t\t\t\t<div class=\"elementor-container elementor-column-gap-default\">\n\t\t\t\t\t<div class=\"elementor-column elementor-col-100 elementor-top-column elementor-element elementor-element-69729e0\" data-id=\"69729e0\" data-element_type=\"column\" data-e-type=\"column\">\n\t\t\t<div class=\"elementor-widget-wrap elementor-element-populated\">\n\t\t\t\t\t\t<section class=\"elementor-section elementor-inner-section elementor-element elementor-element-b28bd4c elementor-section-boxed elementor-section-height-default elementor-section-height-default\" data-id=\"b28bd4c\" data-element_type=\"section\" data-e-type=\"section\">\n\t\t\t\t\t\t<div class=\"elementor-container elementor-column-gap-default\">\n\t\t\t\t\t<div class=\"elementor-column elementor-col-100 elementor-inner-column elementor-element elementor-element-7c9d97d\" data-id=\"7c9d97d\" data-element_type=\"column\" data-e-type=\"column\">\n\t\t\t<div class=\"elementor-widget-wrap elementor-element-populated\">\n\t\t\t\t\t\t<div class=\"elementor-element elementor-element-5c56461 elementor-widget elementor-widget-heading\" data-id=\"5c56461\" data-element_type=\"widget\" data-e-type=\"widget\" data-widget_type=\"heading.default\">\n\t\t\t\t<div class=\"elementor-widget-container\">\n\t\t\t\t\t<h1 class=\"elementor-heading-title elementor-size-default\">Format and procedure<\/h1>\t\t\t\t<\/div>\n\t\t\t\t<\/div>\n\t\t\t\t<div class=\"elementor-element elementor-element-73825d2 elementor-widget elementor-widget-text-editor\" data-id=\"73825d2\" data-element_type=\"widget\" data-e-type=\"widget\" data-widget_type=\"text-editor.default\">\n\t\t\t\t<div class=\"elementor-widget-container\">\n\t\t\t\t\t\t\t\t\t<p><span style=\"font-weight: 400;\">The <\/span><b>Salon der Wissenschaft<\/b><span style=\"font-weight: 400;\"> The Salon der Wissenschaft is an event format that gives people in our city the opportunity to talk to researchers from Braunschweig. There will be no lectures, the focus is on interpersonal dialogue. There will be no lectures here; the focus is on interpersonal dialogue. <\/span><\/p><p><span style=\"font-weight: 400;\">About <strong><a href=\"https:\/\/www.salonderwissenschaft.de\/en\/scientists-2026\/\">30 scientists<\/a><\/strong> from Braunschweig&#8217;s research institutions will explain their research and dreams in four 15-minute rounds.Who talks to whom will be decided on the spot after a short explanation. Those who do not get a ticket for a one-on-one conversation in a time slot or simply prefer to listen can listen to selected table conversations via headphones. The headphones will be provided free of charge on site<\/span><\/p><p><span style=\"font-weight: 400;\">Die Besucher*innen haben die M\u00f6glichkeit, Ihre Fragen zu stellen und \u00fcber spannende und zukunftsweisende Forschungsthemen zu diskutieren.<\/span><\/p><h5><b>4 time slots, 20 tables, 15 minutes<\/b><\/h5><p><span style=\"font-weight: 400;\">Nach einer kurzen Einf\u00fchrung vor Ort, k\u00f6nnen die Besucher*innen Slots f\u00fcr Gespr\u00e4che buchen. Wer in einem Slot kein Ticket f\u00fcr eine 1:1-Unterhaltung bekommt oder einfach lieber lauschen will, kann ausgew\u00e4hlte Tischgespr\u00e4che \u00fcber Kopfh\u00f6rer mith\u00f6ren. Die Kopfh\u00f6rer werden vor Ort kostenlos zur Verf\u00fcgung gestellt.  <\/span><\/p><p><span style=\"font-weight: 400;\">During the breaks and after the last round of talks, conversations can be continued continue over food and drinks.<\/span><\/p><p>The Salon der Wissenschaft is jointly organised by <strong>ForschungRegion Braunschweig e.V.<\/strong>, which brings together the research institutions in our region, and the <strong>City of Braunschweig<\/strong>. The format has been taking place annually since 2022. <\/p><p><span style=\"font-weight: 400;\">Die Tickets f\u00fcr die einzelnen Gespr\u00e4chsrunden k\u00f6nnen<\/span><span style=\"font-weight: 400;\"> nach der Begr\u00fc\u00dfungsrunde mit Dr. Thorsten Kornblum (Oberb\u00fcrgermeister der Stadt Braunschweig) und Prof. Dr. Angela Ittel (Vorsitzende des Forschung Region Braunschweig e.V. ) wie folgt gebucht werden:<\/span><\/p><p><span style=\"font-weight: 400;\">18:50 &#8211; 19:15 &#8211; Break &amp; ticket booking for slots 1 and 2 <\/span><\/p><p><span style=\"font-weight: 400;\">19:15 &#8211; 19:30 &#8211; 1st slot <\/span><\/p><p><span style=\"font-weight: 400;\">19:30 &#8211; 19:45 &#8211; Break &amp; ticket booking for slots 2 and 3 <\/span><\/p><p><span style=\"font-weight: 400;\">19:45 &#8211; 20:00 &#8211; 2nd slot <\/span><\/p><p><span style=\"font-weight: 400;\">20:00 &#8211; 20:15 &#8211; Break &amp; ticket booking for slots 3 and 4 <\/span><\/p><p><span style=\"font-weight: 400;\">20:15 &#8211; 20:30 &#8211; 3rd slot<br><\/span><\/p><p>20:30 &#8211; 20:45 &#8211; Break &amp; ticket booking for slot 4<\/p><p>20:45 &#8211; 21:00 &#8211; 4th slot<\/p><p><b>Due to the high demand, only one ticket per person will be issued per break.<\/b><\/p><p>Admission to the event is free, but registration is required in advance:<br><a href=\"https:\/\/salonderwissenschaft2026.eventbrite.de\" target=\"_blank\" rel=\"noopener\"><strong>salonderwissenschaft2026.eventbrite.de<\/strong><\/a><\/p>\t\t\t\t\t\t\t\t<\/div>\n\t\t\t\t<\/div>\n\t\t\t\t\t<\/div>\n\t\t<\/div>\n\t\t\t\t\t<\/div>\n\t\t<\/section>\n\t\t\t\t\t<\/div>\n\t\t<\/div>\n\t\t\t\t\t<\/div>\n\t\t<\/section>\n\t\t\t\t<section class=\"elementor-section elementor-top-section elementor-element elementor-element-ff2cd91 elementor-section-boxed elementor-section-height-default elementor-section-height-default\" data-id=\"ff2cd91\" data-element_type=\"section\" data-e-type=\"section\">\n\t\t\t\t\t\t<div class=\"elementor-container elementor-column-gap-default\">\n\t\t\t\t\t<div class=\"elementor-column elementor-col-25 elementor-top-column elementor-element elementor-element-697dc51\" data-id=\"697dc51\" data-element_type=\"column\" data-e-type=\"column\">\n\t\t\t<div class=\"elementor-widget-wrap elementor-element-populated\">\n\t\t\t\t\t\t<div class=\"elementor-element elementor-element-2acf6be elementor-widget elementor-widget-image\" data-id=\"2acf6be\" data-element_type=\"widget\" data-e-type=\"widget\" data-widget_type=\"image.default\">\n\t\t\t\t<div class=\"elementor-widget-container\">\n\t\t\t\t\t\t\t\t\t\t\t\t\t\t\t<img fetchpriority=\"high\" decoding=\"async\" width=\"768\" height=\"512\" src=\"https:\/\/www.salonderwissenschaft.de\/wp-content\/uploads\/2022\/07\/20220513_fk_1216-scaled-768x512.jpg\" class=\"attachment-medium_large size-medium_large wp-image-3320\" alt=\"\" srcset=\"https:\/\/www.salonderwissenschaft.de\/wp-content\/uploads\/2022\/07\/20220513_fk_1216-scaled-768x512.jpg 768w, https:\/\/www.salonderwissenschaft.de\/wp-content\/uploads\/2022\/07\/20220513_fk_1216-scaled-300x200.jpg 300w, https:\/\/www.salonderwissenschaft.de\/wp-content\/uploads\/2022\/07\/20220513_fk_1216-scaled-1024x683.jpg 1024w, https:\/\/www.salonderwissenschaft.de\/wp-content\/uploads\/2022\/07\/20220513_fk_1216-scaled-1536x1024.jpg 1536w, https:\/\/www.salonderwissenschaft.de\/wp-content\/uploads\/2022\/07\/20220513_fk_1216-scaled-2048x1366.jpg 2048w\" sizes=\"(max-width: 768px) 100vw, 768px\" \/>\t\t\t\t\t\t\t\t\t\t\t\t\t\t\t<\/div>\n\t\t\t\t<\/div>\n\t\t\t\t\t<\/div>\n\t\t<\/div>\n\t\t\t\t<div class=\"elementor-column elementor-col-25 elementor-top-column elementor-element elementor-element-68bf0bf\" data-id=\"68bf0bf\" data-element_type=\"column\" data-e-type=\"column\">\n\t\t\t<div class=\"elementor-widget-wrap elementor-element-populated\">\n\t\t\t\t\t\t<div class=\"elementor-element elementor-element-cc74c3d elementor-widget elementor-widget-image\" data-id=\"cc74c3d\" data-element_type=\"widget\" data-e-type=\"widget\" data-widget_type=\"image.default\">\n\t\t\t\t<div class=\"elementor-widget-container\">\n\t\t\t\t\t\t\t\t\t\t\t\t\t\t\t<img decoding=\"async\" width=\"768\" height=\"512\" src=\"https:\/\/www.salonderwissenschaft.de\/wp-content\/uploads\/2022\/04\/20191024_pz_5019_x-scaled-768x512.jpg\" class=\"attachment-medium_large size-medium_large wp-image-3309\" alt=\"\" srcset=\"https:\/\/www.salonderwissenschaft.de\/wp-content\/uploads\/2022\/04\/20191024_pz_5019_x-scaled-768x512.jpg 768w, https:\/\/www.salonderwissenschaft.de\/wp-content\/uploads\/2022\/04\/20191024_pz_5019_x-scaled-300x200.jpg 300w, https:\/\/www.salonderwissenschaft.de\/wp-content\/uploads\/2022\/04\/20191024_pz_5019_x-scaled-1024x683.jpg 1024w, https:\/\/www.salonderwissenschaft.de\/wp-content\/uploads\/2022\/04\/20191024_pz_5019_x-scaled-1536x1024.jpg 1536w, https:\/\/www.salonderwissenschaft.de\/wp-content\/uploads\/2022\/04\/20191024_pz_5019_x-scaled-2048x1366.jpg 2048w\" sizes=\"(max-width: 768px) 100vw, 768px\" \/>\t\t\t\t\t\t\t\t\t\t\t\t\t\t\t<\/div>\n\t\t\t\t<\/div>\n\t\t\t\t\t<\/div>\n\t\t<\/div>\n\t\t\t\t<div class=\"elementor-column elementor-col-25 elementor-top-column elementor-element elementor-element-aadb375\" data-id=\"aadb375\" data-element_type=\"column\" data-e-type=\"column\">\n\t\t\t<div class=\"elementor-widget-wrap elementor-element-populated\">\n\t\t\t\t\t\t<div class=\"elementor-element elementor-element-5634e28 elementor-widget elementor-widget-image\" data-id=\"5634e28\" data-element_type=\"widget\" data-e-type=\"widget\" data-widget_type=\"image.default\">\n\t\t\t\t<div class=\"elementor-widget-container\">\n\t\t\t\t\t\t\t\t\t\t\t\t\t\t\t<img decoding=\"async\" width=\"768\" height=\"512\" src=\"https:\/\/www.salonderwissenschaft.de\/wp-content\/uploads\/2022\/04\/20191024_pz_5250_x-scaled-768x512.jpg\" class=\"attachment-medium_large size-medium_large wp-image-3311\" alt=\"\" srcset=\"https:\/\/www.salonderwissenschaft.de\/wp-content\/uploads\/2022\/04\/20191024_pz_5250_x-scaled-768x512.jpg 768w, https:\/\/www.salonderwissenschaft.de\/wp-content\/uploads\/2022\/04\/20191024_pz_5250_x-scaled-300x200.jpg 300w, https:\/\/www.salonderwissenschaft.de\/wp-content\/uploads\/2022\/04\/20191024_pz_5250_x-scaled-1024x683.jpg 1024w, https:\/\/www.salonderwissenschaft.de\/wp-content\/uploads\/2022\/04\/20191024_pz_5250_x-scaled-1536x1024.jpg 1536w, https:\/\/www.salonderwissenschaft.de\/wp-content\/uploads\/2022\/04\/20191024_pz_5250_x-scaled-2048x1366.jpg 2048w\" sizes=\"(max-width: 768px) 100vw, 768px\" \/>\t\t\t\t\t\t\t\t\t\t\t\t\t\t\t<\/div>\n\t\t\t\t<\/div>\n\t\t\t\t\t<\/div>\n\t\t<\/div>\n\t\t\t\t<div class=\"elementor-column elementor-col-25 elementor-top-column elementor-element elementor-element-c102f20\" data-id=\"c102f20\" data-element_type=\"column\" data-e-type=\"column\">\n\t\t\t<div class=\"elementor-widget-wrap elementor-element-populated\">\n\t\t\t\t\t\t<div class=\"elementor-element elementor-element-91c3346 elementor-widget elementor-widget-image\" data-id=\"91c3346\" data-element_type=\"widget\" data-e-type=\"widget\" data-widget_type=\"image.default\">\n\t\t\t\t<div class=\"elementor-widget-container\">\n\t\t\t\t\t\t\t\t\t\t\t\t\t\t\t<img loading=\"lazy\" decoding=\"async\" width=\"768\" height=\"512\" src=\"https:\/\/www.salonderwissenschaft.de\/wp-content\/uploads\/2022\/07\/20220513_fk_1213-scaled-768x512.jpg\" class=\"attachment-medium_large size-medium_large wp-image-3319\" alt=\"\" srcset=\"https:\/\/www.salonderwissenschaft.de\/wp-content\/uploads\/2022\/07\/20220513_fk_1213-scaled-768x512.jpg 768w, https:\/\/www.salonderwissenschaft.de\/wp-content\/uploads\/2022\/07\/20220513_fk_1213-scaled-300x200.jpg 300w, https:\/\/www.salonderwissenschaft.de\/wp-content\/uploads\/2022\/07\/20220513_fk_1213-scaled-1024x683.jpg 1024w, https:\/\/www.salonderwissenschaft.de\/wp-content\/uploads\/2022\/07\/20220513_fk_1213-scaled-1536x1024.jpg 1536w, https:\/\/www.salonderwissenschaft.de\/wp-content\/uploads\/2022\/07\/20220513_fk_1213-scaled-2048x1366.jpg 2048w\" sizes=\"(max-width: 768px) 100vw, 768px\" \/>\t\t\t\t\t\t\t\t\t\t\t\t\t\t\t<\/div>\n\t\t\t\t<\/div>\n\t\t\t\t\t<\/div>\n\t\t<\/div>\n\t\t\t\t\t<\/div>\n\t\t<\/section>\n\t\t\t\t<section class=\"elementor-section elementor-top-section elementor-element elementor-element-6a4e0369 elementor-section-stretched elementor-section-full_width elementor-section-height-default elementor-section-height-default\" data-id=\"6a4e0369\" data-element_type=\"section\" data-e-type=\"section\" data-settings=\"{&quot;background_background&quot;:&quot;classic&quot;,&quot;stretch_section&quot;:&quot;section-stretched&quot;}\">\n\t\t\t\t\t\t<div class=\"elementor-container elementor-column-gap-default\">\n\t\t\t\t\t<div class=\"elementor-column elementor-col-100 elementor-top-column elementor-element elementor-element-c86385c\" data-id=\"c86385c\" data-element_type=\"column\" data-e-type=\"column\">\n\t\t\t<div class=\"elementor-widget-wrap\">\n\t\t\t\t\t\t\t<\/div>\n\t\t<\/div>\n\t\t\t\t\t<\/div>\n\t\t<\/section>\n\t\t\t\t<section class=\"elementor-section elementor-top-section elementor-element elementor-element-498a529 elementor-section-stretched elementor-section-boxed elementor-section-height-default elementor-section-height-default\" data-id=\"498a529\" data-element_type=\"section\" data-e-type=\"section\" data-settings=\"{&quot;background_background&quot;:&quot;classic&quot;,&quot;stretch_section&quot;:&quot;section-stretched&quot;}\">\n\t\t\t\t\t\t<div class=\"elementor-container elementor-column-gap-default\">\n\t\t\t\t\t<div class=\"elementor-column elementor-col-33 elementor-top-column elementor-element elementor-element-1dbf38f\" data-id=\"1dbf38f\" data-element_type=\"column\" data-e-type=\"column\">\n\t\t\t<div class=\"elementor-widget-wrap elementor-element-populated\">\n\t\t\t\t\t\t<div class=\"elementor-element elementor-element-c845aac elementor-view-framed elementor-shape-circle elementor-widget elementor-widget-icon\" data-id=\"c845aac\" data-element_type=\"widget\" data-e-type=\"widget\" data-widget_type=\"icon.default\">\n\t\t\t\t<div class=\"elementor-widget-container\">\n\t\t\t\t\t\t\t<div class=\"elementor-icon-wrapper\">\n\t\t\t<a class=\"elementor-icon\" href=\"https:\/\/salonderwissenschaft2026.eventbrite.de\" target=\"_blank\" rel=\"noopener\">\n\t\t\t<i aria-hidden=\"true\" class=\"fas fa-ticket-alt\"><\/i>\t\t\t<\/a>\n\t\t<\/div>\n\t\t\t\t\t\t<\/div>\n\t\t\t\t<\/div>\n\t\t\t\t<div class=\"elementor-element elementor-element-5614f30 elementor-widget elementor-widget-heading\" data-id=\"5614f30\" data-element_type=\"widget\" data-e-type=\"widget\" data-widget_type=\"heading.default\">\n\t\t\t\t<div class=\"elementor-widget-container\">\n\t\t\t\t\t<h2 class=\"elementor-heading-title elementor-size-default\"><a href=\"https:\/\/salonderwissenschaft2026.eventbrite.de\" target=\"_blank\" rel=\"noopener\">Registration<\/a><\/h2>\t\t\t\t<\/div>\n\t\t\t\t<\/div>\n\t\t\t\t<div class=\"elementor-element elementor-element-eae85ae elementor-widget elementor-widget-text-editor\" data-id=\"eae85ae\" data-element_type=\"widget\" data-e-type=\"widget\" data-widget_type=\"text-editor.default\">\n\t\t\t\t<div class=\"elementor-widget-container\">\n\t\t\t\t\t\t\t\t\t<p>Admission is free. <a href=\"https:\/\/salonderwissenschaft2026.eventbrite.de\" target=\"_blank\" rel=\"noopener\">Registration<\/a> is required.<\/p>\t\t\t\t\t\t\t\t<\/div>\n\t\t\t\t<\/div>\n\t\t\t\t\t<\/div>\n\t\t<\/div>\n\t\t\t\t<div class=\"elementor-column elementor-col-33 elementor-top-column elementor-element elementor-element-4f545331\" data-id=\"4f545331\" data-element_type=\"column\" data-e-type=\"column\">\n\t\t\t<div class=\"elementor-widget-wrap elementor-element-populated\">\n\t\t\t\t\t\t<div class=\"elementor-element elementor-element-31dfb736 elementor-view-framed elementor-shape-circle elementor-widget elementor-widget-icon\" data-id=\"31dfb736\" data-element_type=\"widget\" data-e-type=\"widget\" data-widget_type=\"icon.default\">\n\t\t\t\t<div class=\"elementor-widget-container\">\n\t\t\t\t\t\t\t<div class=\"elementor-icon-wrapper\">\n\t\t\t<div class=\"elementor-icon\">\n\t\t\t<i aria-hidden=\"true\" class=\"fas fa-map-marker-alt\"><\/i>\t\t\t<\/div>\n\t\t<\/div>\n\t\t\t\t\t\t<\/div>\n\t\t\t\t<\/div>\n\t\t\t\t<div class=\"elementor-element elementor-element-10375ce1 elementor-widget elementor-widget-heading\" data-id=\"10375ce1\" data-element_type=\"widget\" data-e-type=\"widget\" data-widget_type=\"heading.default\">\n\t\t\t\t<div class=\"elementor-widget-container\">\n\t\t\t\t\t<h2 class=\"elementor-heading-title elementor-size-default\">TRAFO Hub<\/h2>\t\t\t\t<\/div>\n\t\t\t\t<\/div>\n\t\t\t\t<div class=\"elementor-element elementor-element-18e0101e elementor-widget elementor-widget-text-editor\" data-id=\"18e0101e\" data-element_type=\"widget\" data-e-type=\"widget\" data-widget_type=\"text-editor.default\">\n\t\t\t\t<div class=\"elementor-widget-container\">\n\t\t\t\t\t\t\t\t\t<p>Sophienstra\u00dfe 40<br>38118 Braunschweig<\/p>\t\t\t\t\t\t\t\t<\/div>\n\t\t\t\t<\/div>\n\t\t\t\t\t<\/div>\n\t\t<\/div>\n\t\t\t\t<div class=\"elementor-column elementor-col-33 elementor-top-column elementor-element elementor-element-801f6c8\" data-id=\"801f6c8\" data-element_type=\"column\" data-e-type=\"column\">\n\t\t\t<div class=\"elementor-widget-wrap elementor-element-populated\">\n\t\t\t\t\t\t<div class=\"elementor-element elementor-element-1bfa591 elementor-view-framed elementor-shape-circle elementor-widget elementor-widget-icon\" data-id=\"1bfa591\" data-element_type=\"widget\" data-e-type=\"widget\" data-widget_type=\"icon.default\">\n\t\t\t\t<div class=\"elementor-widget-container\">\n\t\t\t\t\t\t\t<div class=\"elementor-icon-wrapper\">\n\t\t\t<div class=\"elementor-icon\">\n\t\t\t<i aria-hidden=\"true\" class=\"far fa-calendar-check\"><\/i>\t\t\t<\/div>\n\t\t<\/div>\n\t\t\t\t\t\t<\/div>\n\t\t\t\t<\/div>\n\t\t\t\t<div class=\"elementor-element elementor-element-8174b9b elementor-widget elementor-widget-heading\" data-id=\"8174b9b\" data-element_type=\"widget\" data-e-type=\"widget\" data-widget_type=\"heading.default\">\n\t\t\t\t<div class=\"elementor-widget-container\">\n\t\t\t\t\t<h2 class=\"elementor-heading-title elementor-size-default\">03. June 2026<\/h2>\t\t\t\t<\/div>\n\t\t\t\t<\/div>\n\t\t\t\t<div class=\"elementor-element elementor-element-5d539e0 elementor-widget elementor-widget-text-editor\" data-id=\"5d539e0\" data-element_type=\"widget\" data-e-type=\"widget\" data-widget_type=\"text-editor.default\">\n\t\t\t\t<div class=\"elementor-widget-container\">\n\t\t\t\t\t\t\t\t\t<p>Open Doors 18:00<br>Start: 18:30<\/p>\t\t\t\t\t\t\t\t<\/div>\n\t\t\t\t<\/div>\n\t\t\t\t\t<\/div>\n\t\t<\/div>\n\t\t\t\t\t<\/div>\n\t\t<\/section>\n\t\t\t\t<section class=\"elementor-section elementor-top-section elementor-element elementor-element-0fa54d2 elementor-section-full_width elementor-section-stretched elementor-section-height-default elementor-section-height-default\" data-id=\"0fa54d2\" data-element_type=\"section\" data-e-type=\"section\" data-settings=\"{&quot;stretch_section&quot;:&quot;section-stretched&quot;}\">\n\t\t\t\t\t\t<div class=\"elementor-container elementor-column-gap-no\">\n\t\t\t\t\t<div class=\"elementor-column elementor-col-100 elementor-top-column elementor-element elementor-element-dc3c5ef\" data-id=\"dc3c5ef\" data-element_type=\"column\" data-e-type=\"column\">\n\t\t\t<div class=\"elementor-widget-wrap elementor-element-populated\">\n\t\t\t\t\t\t<div class=\"elementor-element elementor-element-bef528e elementor-widget elementor-widget-html\" data-id=\"bef528e\" data-element_type=\"widget\" data-e-type=\"widget\" data-widget_type=\"html.default\">\n\t\t\t\t<div class=\"elementor-widget-container\">\n\t\t\t\t\t<iframe src=\"https:\/\/www.google.com\/maps\/embed?pb=!1m18!1m12!1m3!1d2442.142479881576!2d10.509123616338522!3d52.25895767976563!2m3!1f0!2f0!3f0!3m2!1i1024!2i768!4f13.1!3m3!1m2!1s0x47aff6725b722527%3A0xb95fe7e792ddd056!2sSophienstra%C3%9Fe%2040%2C%2038118%20Braunschweig!5e0!3m2!1sde!2sde!4v1630657102283!5m2!1sde!2sde\" width=\"600\" height=\"450\" style=\"border:0;\" allowfullscreen=\"\" loading=\"lazy\"><\/iframe>\t\t\t\t<\/div>\n\t\t\t\t<\/div>\n\t\t\t\t\t<\/div>\n\t\t<\/div>\n\t\t\t\t\t<\/div>\n\t\t<\/section>\n\t\t\t\t<\/div>\n\t\t","protected":false},"excerpt":{"rendered":"<p>Format and procedure The Salon der Wissenschaft The Salon der Wissenschaft is an event format that gives people in our city the opportunity to talk to researchers from Braunschweig. There will be no lectures, the focus is on interpersonal dialogue. There will be no lectures here; the focus is on interpersonal dialogue. About 30 scientists [&hellip;]<\/p>\n","protected":false},"author":1,"featured_media":0,"parent":0,"menu_order":0,"comment_status":"closed","ping_status":"closed","template":"","meta":{"iawp_total_views":34,"footnotes":""},"class_list":["post-3834","page","type-page","status-publish","hentry"],"_links":{"self":[{"href":"https:\/\/www.salonderwissenschaft.de\/en\/wp-json\/wp\/v2\/pages\/3834","targetHints":{"allow":["GET"]}}],"collection":[{"href":"https:\/\/www.salonderwissenschaft.de\/en\/wp-json\/wp\/v2\/pages"}],"about":[{"href":"https:\/\/www.salonderwissenschaft.de\/en\/wp-json\/wp\/v2\/types\/page"}],"author":[{"embeddable":true,"href":"https:\/\/www.salonderwissenschaft.de\/en\/wp-json\/wp\/v2\/users\/1"}],"replies":[{"embeddable":true,"href":"https:\/\/www.salonderwissenschaft.de\/en\/wp-json\/wp\/v2\/comments?post=3834"}],"version-history":[{"count":25,"href":"https:\/\/www.salonderwissenschaft.de\/en\/wp-json\/wp\/v2\/pages\/3834\/revisions"}],"predecessor-version":[{"id":4607,"href":"https:\/\/www.salonderwissenschaft.de\/en\/wp-json\/wp\/v2\/pages\/3834\/revisions\/4607"}],"wp:attachment":[{"href":"https:\/\/www.salonderwissenschaft.de\/en\/wp-json\/wp\/v2\/media?parent=3834"}],"curies":[{"name":"wp","href":"https:\/\/api.w.org\/{rel}","templated":true}]}}